{"id":8,"date":"2018-05-11T07:18:59","date_gmt":"2018-05-11T07:18:59","guid":{"rendered":"http:\/\/www.muratalikaravelioglu.com.tr\/?page_id=8"},"modified":"2025-09-03T09:37:28","modified_gmt":"2025-09-03T09:37:28","slug":"prof-dr-murat-ali-karavelioglu","status":"publish","type":"page","link":"https:\/\/www.muratalikaravelioglu.com.tr\/es\/prof-dr-murat-ali-karavelioglu\/","title":{"rendered":"Reanudar"},"content":{"rendered":"<p style=\"text-align: left;\"><strong>Prof. Dr. Murat Ali Karavelio\u011flu<\/strong><\/p>\r\n<p style=\"text-align: left;\"><img loading=\"lazy\" decoding=\"async\" class=\"alignleft wp-image-706 size-medium\" src=\"https:\/\/www.muratalikaravelioglu.com.tr\/wp-content\/uploads\/2020\/03\/Prof.Dr_.Murat-Ali-Karavelio\u011flu-300x300.jpg\" alt=\"\" width=\"300\" height=\"300\" srcset=\"https:\/\/www.muratalikaravelioglu.com.tr\/wp-content\/uploads\/2020\/03\/Prof.Dr_.Murat-Ali-Karavelio\u011flu-300x300.jpg 300w, https:\/\/www.muratalikaravelioglu.com.tr\/wp-content\/uploads\/2020\/03\/Prof.Dr_.Murat-Ali-Karavelio\u011flu-150x150.jpg 150w, https:\/\/www.muratalikaravelioglu.com.tr\/wp-content\/uploads\/2020\/03\/Prof.Dr_.Murat-Ali-Karavelio\u011flu-768x768.jpg 768w, https:\/\/www.muratalikaravelioglu.com.tr\/wp-content\/uploads\/2020\/03\/Prof.Dr_.Murat-Ali-Karavelio\u011flu.jpg 908w\" sizes=\"auto, (max-width: 300px) 100vw, 300px\" \/><\/p>\r\n<p style=\"text-align: left;\">El Prof. Dr. Murat Ali Karavelio\u011flu naci\u00f3 el 01 de enero de 1976 en el distrito de \u0130n\u00f6n\u00fc, Eski\u015fehir. Complet\u00f3 su educaci\u00f3n primaria y secundaria en \u0130n\u00f6n\u00fc. En 1992 se inscribi\u00f3 en la Facultad de Letras de la Universidad de Estambul, en el Departamento de Lengua y Literatura Turca, y la finaliz\u00f3 con honores en 1996. Ese mismo a\u00f1o comenz\u00f3 sus estudios de maestr\u00eda en el Departamento de Literatura Turca Antigua y, en noviembre, se convirti\u00f3 en asistente de investigaci\u00f3n. Prepar\u00f3 su tesis bajo la supervisi\u00f3n del Prof. Dr. M. A. Yekta Sara\u00e7\u2026 <em>Comentario de Ismail Hakk\u0131 Bursevi sobre Muhammadiyah (primer volumen) Ferahu\u2019r-R\u00fbh<\/em> Complet\u00f3 su maestr\u00eda presentando su tesis en julio de 1999.<\/p>\r\n<p style=\"text-align: left;\">Comenz\u00f3 sus estudios de doctorado en 2002 en el Instituto de Estudios Turcos de la Universidad de M\u00e1rmara, Departamento de Literatura Turca Antigua, y prepar\u00f3 un libro bajo la supervisi\u00f3n del Prof. Dr. Orhan Bilgin. <em>Cr\u00edtica y an\u00e1lisis de la edici\u00f3n del Div\u00e1n de \u015eem'\u00ee de Prizren, poeta del siglo XVI<\/em> Se gradu\u00f3 con su tesis titulada \"Tesis del siglo XIX\" en 2005. El 13 de enero de 2009, fue nombrado profesor asistente en el Departamento de Lengua y Literatura Turcas, Facultad de Letras, Universidad de Estambul, y el Departamento de Literatura Turca Antigua. Imparti\u00f3 seminarios en la Universidad de Viena entre el 6 y el 12 de junio de 2010. Viaj\u00f3 a Inglaterra por invitaci\u00f3n de la Universidad de Manchester entre el 1 de enero y el 30 de junio de 2011 para realizar investigaci\u00f3n cient\u00edfica. Se convirti\u00f3 en profesor asociado de Literatura Turca Antigua el 22 de junio de 2012. Dej\u00f3 la universidad por solicitud propia el 14 de septiembre de 2016. El 12 de septiembre de 2018, comenz\u00f3 a trabajar como profesor en el Departamento de Lengua y Literatura Turcas, Facultad de Artes y Ciencias, Universidad de I\u011fd\u0131r. Se convirti\u00f3 en profesor el 6 de agosto de 2019. Est\u00e1 casado, tiene dos hijos y habla ingl\u00e9s.<\/p>\r\n<strong>Estado educativo:<\/strong>\r\n<table width=\"498\">\r\n<tbody>\r\n<tr>\r\n<td width=\"115\"><strong>Grado <\/strong><\/td>\r\n<td width=\"146\"><strong>Departamento\/Programa<\/strong><\/td>\r\n<td width=\"197\"><strong>Universidad <\/strong><\/td>\r\n<td width=\"40\"><strong>A\u00f1o <\/strong><\/td>\r\n<\/tr>\r\n<tr>\r\n<td width=\"115\">Licencia<\/td>\r\n<td width=\"146\">Lengua y literatura turcas<\/td>\r\n<td width=\"197\">Universidad de Estambul<\/td>\r\n<td width=\"40\">1996<\/td>\r\n<\/tr>\r\n<tr>\r\n<td width=\"115\">Grado<\/td>\r\n<td width=\"146\">Lengua y literatura turcas \/ Literatura turca antigua<\/td>\r\n<td width=\"197\">Universidad de Estambul<\/td>\r\n<td width=\"40\">1999<\/td>\r\n<\/tr>\r\n<tr>\r\n<td width=\"115\">Doctorado<\/td>\r\n<td width=\"146\">Lengua y literatura turcas \/ Literatura turca antigua<\/td>\r\n<td width=\"197\">Universidad de M\u00e1rmara<\/td>\r\n<td width=\"40\">2005<\/td>\r\n<\/tr>\r\n<\/tbody>\r\n<\/table>\r\n&nbsp;\r\n\r\n<strong>T\u00edtulo de la tesis de maestr\u00eda (resumen adjunto) y asesor(es) de tesis: <\/strong>Comentario de Ismail Hakk\u0131 Bursevi sobre Muhammediye (primer volumen) Ferahu\u2019r-R\u00fbh \u2013 Prof. Dr. M. A. Yekta Sara\u00e7\r\n\r\n<strong>T\u00edtulo de la tesis doctoral (resumen adjunto) y asesor(es): <\/strong>Cr\u00edtica y an\u00e1lisis de la edici\u00f3n del Div\u00e1n de \u015eem\u2019\u00ee de Prizren, poeta del siglo XVI \u2013 Prof. Dr. Orhan Bilgin\r\n\r\n&nbsp;\r\n\r\n<strong>Tareas: <\/strong>\r\n\r\n&nbsp;\r\n\r\n<strong>Tesis de Maestr\u00eda dirigidas:<\/strong>\r\n<ol>\r\n \t<li>Tesis de maestr\u00eda dirigidas: Selahattin Erdo\u011fan; Comentarios sobre las Qasidas de Hayali Bey, Instituto de Ciencias Sociales de la Universidad de Estambul, 2010.<\/li>\r\n \t<li>Yasemin Karaku\u015f; Una revista de poes\u00eda que contiene las eleg\u00edas de Seyit Nizamo\u011flu: Mecmua-i Kasaid, Instituto de Ciencias Sociales de la Universidad de Estambul, 2014.<\/li>\r\n \t<li>Sibel Ay; Revista de poes\u00eda (an\u00e1lisis-texto) en Biblioteca Millet, AE Mnz 560, Universidad de Estambul, Instituto de Ciencias Sociales, 2015.<\/li>\r\n<\/ol>\r\n<strong>&nbsp;<\/strong>\r\n\r\n<strong>Tesis Doctorales Dirigidas:<\/strong>\r\n<ol>\r\n \t<li>Z\u00fcbeyde Ya\u015far \u00d6zer; Cevheret\u00fc\u2019l-bidaye ve D\u00fcrret\u00fc\u2019n-nihaye (Diccionario de an\u00e1lisis de texto), Universidad de Estambul, Instituto de Ciencias Sociales, 2014.<\/li>\r\n<\/ol>\r\n<table style=\"height: 543px;\" width=\"753\">\r\n<tbody>\r\n<tr>\r\n<td width=\"78\"><strong>T\u00edtulo profesional <\/strong><\/td>\r\n<td width=\"344\"><strong>Lugar de servicio<\/strong><\/td>\r\n<td width=\"80\"><strong>A\u00f1o <\/strong><\/td>\r\n<\/tr>\r\n<tr>\r\n<td width=\"78\">Asistente de investigaci\u00f3n<\/td>\r\n<td width=\"344\">&nbsp;Facultad de Letras \u2013 Universidad de Estambul<\/td>\r\n<td width=\"80\">1996-2005<\/td>\r\n<\/tr>\r\n<tr>\r\n<td width=\"78\">Asistente de investigaci\u00f3n de doctorado&nbsp;&nbsp;<\/td>\r\n<td width=\"344\">&nbsp;Facultad de Letras \u2013 Universidad de Estambul<\/td>\r\n<td width=\"80\">2005-2009<\/td>\r\n<\/tr>\r\n<tr>\r\n<td width=\"78\">Profesor Asociado Dr.<\/td>\r\n<td width=\"344\">&nbsp;Facultad de Letras \u2013 Universidad de Estambul<\/td>\r\n<td width=\"80\">2009-2012<\/td>\r\n<\/tr>\r\n<tr>\r\n<td width=\"78\">Profesor Asociado Dr.<\/td>\r\n<td width=\"344\">&nbsp;Facultad de Letras \u2013 Universidad de Estambul<\/td>\r\n<td width=\"80\">2012- 2016<\/td>\r\n<\/tr>\r\n<tr>\r\n<td width=\"78\">Profesor Asociado Dr.<\/td>\r\n<td width=\"344\">&nbsp;Facultad de Artes y Ciencias \u2013 Universidad de I\u011fd\u0131r<\/td>\r\n<td width=\"80\">2018-2019<\/td>\r\n<\/tr>\r\n<tr>\r\n<td width=\"78\">Profesor Dr.<\/td>\r\n<td width=\"344\">&nbsp;Facultad de Artes y Ciencias \u2013 Universidad de I\u011fd\u0131r<\/td>\r\n<td width=\"80\">2019- \u2026<\/td>\r\n<\/tr>\r\n<\/tbody>\r\n<\/table>\r\n<strong>Funciones desempe\u00f1adas en los proyectos:<\/strong>\r\n\r\n<em>Un poeta maestro del siglo XVI, Istanbullu Mahrem\u00ee y sus poemas<\/em>Unidad de Proyectos de Investigaci\u00f3n Cient\u00edfica del Rectorado de la Universidad de Estambul, Ejecuci\u00f3n de Proyectos de Alcance Normal\r\n\r\n<em>T\u00fcrk\u00e7e Bir Kaside Mecmuas\u0131: Mecmua-i Kas\u00e2id-i T\u00fcrkiyye<\/em>Unidad de Proyectos de Investigaci\u00f3n Cient\u00edfica del Rectorado de la Universidad de Estambul, Direcci\u00f3n Ejecutiva de YADOP\n\nInscripciones de Kosovo, Presidencia del Instituto Yunus Emre (con M. Samsak\u00e7\u0131 y E. Do\u011fan)\r\n\r\n&nbsp;","protected":false},"excerpt":{"rendered":"<p>Prof. Dr. Murat Ali Karavelio\u011flu Prof. Dr. Murat Ali Karavelio\u011flu 01.01.1976 tarihinde Eski\u015fehir\u2019in \u0130n\u00f6n\u00fc il\u00e7esinde do\u011fdu. \u0130lk ve orta \u00f6\u011frenimini \u0130n\u00f6n\u00fc\u2019de tamamlad\u0131. 1992 y\u0131l\u0131nda kaydoldu\u011fu \u0130stanbul \u00dcniversitesi Edebiyat Fak\u00fcltesi T\u00fcrk Dili ve Edebiyat\u0131 B\u00f6l\u00fcm\u00fc\u2019n\u00fc 1996 y\u0131l\u0131nda dereceyle bitirdi. Ayn\u0131 y\u0131l Eski T\u00fcrk Edebiyat\u0131 Anabilim Dal\u0131\u2019nda y\u00fcksek lisans \u00f6\u011frenimine ba\u015flad\u0131 ve yine ayn\u0131 y\u0131l Kas\u0131m ay\u0131nda [&#8230;]","protected":false},"author":1,"featured_media":0,"parent":0,"menu_order":0,"comment_status":"closed","ping_status":"closed","template":"","meta":{"ngg_post_thumbnail":0,"footnotes":""},"class_list":["post-8","page","type-page","status-publish","hentry"],"yoast_head":"<!-- This site is optimized with the Yoast SEO Premium plugin v25.7.1 (Yoast SEO v26.1.1) - https:\/\/yoast.com\/wordpress\/plugins\/seo\/ -->\n<title>\u00d6zge\u00e7mi\u015f- Prof.Dr. Murat Ali Karavelio\u011flu<\/title>\n<meta name=\"description\" content=\"Prof.Dr. Murat Ali Karavelio\u011flu 01.01.1976 tarihinde Eski\u015fehir\u2019in \u0130n\u00f6n\u00fc il\u00e7esinde do\u011fdu. \u0130lk ve orta \u00f6\u011frenimini \u0130n\u00f6n\u00fc\u2019de tamamlad\u0131. 1992 y\u0131l\u0131nda kaydoldu.\" \/>\n<meta name=\"robots\" content=\"index, follow, max-snippet:-1, max-image-preview:large, max-video-preview:-1\" \/>\n<link rel=\"canonical\" href=\"https:\/\/www.muratalikaravelioglu.com.tr\/es\/prof-dr-murat-ali-karavelioglu\/\" \/>\n<meta property=\"og:locale\" content=\"es_ES\" \/>\n<meta property=\"og:type\" content=\"article\" \/>\n<meta property=\"og:title\" content=\"\u00d6zge\u00e7mi\u015f\" \/>\n<meta property=\"og:description\" content=\"Prof.Dr. Murat Ali Karavelio\u011flu 01.01.1976 tarihinde Eski\u015fehir\u2019in \u0130n\u00f6n\u00fc il\u00e7esinde do\u011fdu. \u0130lk ve orta \u00f6\u011frenimini \u0130n\u00f6n\u00fc\u2019de tamamlad\u0131. 1992 y\u0131l\u0131nda kaydoldu.\" \/>\n<meta property=\"og:url\" content=\"https:\/\/www.muratalikaravelioglu.com.tr\/es\/prof-dr-murat-ali-karavelioglu\/\" \/>\n<meta property=\"og:site_name\" content=\"Prof. Dr. Murat Ali Karavelio\u011flu\" \/>\n<meta property=\"article:modified_time\" content=\"2025-09-03T09:37:28+00:00\" \/>\n<meta name=\"twitter:card\" content=\"summary_large_image\" \/>\n<meta name=\"twitter:label1\" content=\"Tiempo de lectura\" \/>\n\t<meta name=\"twitter:data1\" content=\"3 minutos\" \/>\n<script type=\"application\/ld+json\" class=\"yoast-schema-graph\">{\"@context\":\"https:\/\/schema.org\",\"@graph\":[{\"@type\":\"WebPage\",\"@id\":\"https:\/\/www.muratalikaravelioglu.com.tr\/prof-dr-murat-ali-karavelioglu\/\",\"url\":\"https:\/\/www.muratalikaravelioglu.com.tr\/prof-dr-murat-ali-karavelioglu\/\",\"name\":\"\u00d6zge\u00e7mi\u015f- Prof.Dr. Murat Ali Karavelio\u011flu\",\"isPartOf\":{\"@id\":\"https:\/\/www.muratalikaravelioglu.com.tr\/#website\"},\"datePublished\":\"2018-05-11T07:18:59+00:00\",\"dateModified\":\"2025-09-03T09:37:28+00:00\",\"description\":\"Prof.Dr. Murat Ali Karavelio\u011flu 01.01.1976 tarihinde Eski\u015fehir\u2019in \u0130n\u00f6n\u00fc il\u00e7esinde do\u011fdu. \u0130lk ve orta \u00f6\u011frenimini \u0130n\u00f6n\u00fc\u2019de tamamlad\u0131. 1992 y\u0131l\u0131nda kaydoldu.\",\"breadcrumb\":{\"@id\":\"https:\/\/www.muratalikaravelioglu.com.tr\/prof-dr-murat-ali-karavelioglu\/#breadcrumb\"},\"inLanguage\":\"es\",\"potentialAction\":[{\"@type\":\"ReadAction\",\"target\":[\"https:\/\/www.muratalikaravelioglu.com.tr\/prof-dr-murat-ali-karavelioglu\/\"]}]},{\"@type\":\"BreadcrumbList\",\"@id\":\"https:\/\/www.muratalikaravelioglu.com.tr\/prof-dr-murat-ali-karavelioglu\/#breadcrumb\",\"itemListElement\":[{\"@type\":\"ListItem\",\"position\":1,\"name\":\"Ana sayfa\",\"item\":\"https:\/\/www.muratalikaravelioglu.com.tr\/\"},{\"@type\":\"ListItem\",\"position\":2,\"name\":\"\u00d6zge\u00e7mi\u015f\"}]},{\"@type\":\"WebSite\",\"@id\":\"https:\/\/www.muratalikaravelioglu.com.tr\/#website\",\"url\":\"https:\/\/www.muratalikaravelioglu.com.tr\/\",\"name\":\"Prof. Dr. Murat Ali Karavelio\u011flu\",\"description\":\"\",\"potentialAction\":[{\"@type\":\"SearchAction\",\"target\":{\"@type\":\"EntryPoint\",\"urlTemplate\":\"https:\/\/www.muratalikaravelioglu.com.tr\/?s={search_term_string}\"},\"query-input\":{\"@type\":\"PropertyValueSpecification\",\"valueRequired\":true,\"valueName\":\"search_term_string\"}}],\"inLanguage\":\"es\"}]}<\/script>\n<!-- \/ Yoast SEO Premium plugin. -->","yoast_head_json":{"title":"\u00d6zge\u00e7mi\u015f- Prof.Dr. Murat Ali Karavelio\u011flu","description":"Prof.Dr. Murat Ali Karavelio\u011flu 01.01.1976 tarihinde Eski\u015fehir\u2019in \u0130n\u00f6n\u00fc il\u00e7esinde do\u011fdu. \u0130lk ve orta \u00f6\u011frenimini \u0130n\u00f6n\u00fc\u2019de tamamlad\u0131. 1992 y\u0131l\u0131nda kaydoldu.","robots":{"index":"index","follow":"follow","max-snippet":"max-snippet:-1","max-image-preview":"max-image-preview:large","max-video-preview":"max-video-preview:-1"},"canonical":"https:\/\/www.muratalikaravelioglu.com.tr\/es\/prof-dr-murat-ali-karavelioglu\/","og_locale":"es_ES","og_type":"article","og_title":"\u00d6zge\u00e7mi\u015f","og_description":"Prof.Dr. Murat Ali Karavelio\u011flu 01.01.1976 tarihinde Eski\u015fehir\u2019in \u0130n\u00f6n\u00fc il\u00e7esinde do\u011fdu. \u0130lk ve orta \u00f6\u011frenimini \u0130n\u00f6n\u00fc\u2019de tamamlad\u0131. 1992 y\u0131l\u0131nda kaydoldu.","og_url":"https:\/\/www.muratalikaravelioglu.com.tr\/es\/prof-dr-murat-ali-karavelioglu\/","og_site_name":"Prof. Dr. Murat Ali Karavelio\u011flu","article_modified_time":"2025-09-03T09:37:28+00:00","twitter_card":"summary_large_image","twitter_misc":{"Tiempo de lectura":"3 minutos"},"schema":{"@context":"https:\/\/schema.org","@graph":[{"@type":"WebPage","@id":"https:\/\/www.muratalikaravelioglu.com.tr\/prof-dr-murat-ali-karavelioglu\/","url":"https:\/\/www.muratalikaravelioglu.com.tr\/prof-dr-murat-ali-karavelioglu\/","name":"\u00d6zge\u00e7mi\u015f- Prof.Dr. Murat Ali Karavelio\u011flu","isPartOf":{"@id":"https:\/\/www.muratalikaravelioglu.com.tr\/#website"},"datePublished":"2018-05-11T07:18:59+00:00","dateModified":"2025-09-03T09:37:28+00:00","description":"Prof.Dr. Murat Ali Karavelio\u011flu 01.01.1976 tarihinde Eski\u015fehir\u2019in \u0130n\u00f6n\u00fc il\u00e7esinde do\u011fdu. \u0130lk ve orta \u00f6\u011frenimini \u0130n\u00f6n\u00fc\u2019de tamamlad\u0131. 1992 y\u0131l\u0131nda kaydoldu.","breadcrumb":{"@id":"https:\/\/www.muratalikaravelioglu.com.tr\/prof-dr-murat-ali-karavelioglu\/#breadcrumb"},"inLanguage":"es","potentialAction":[{"@type":"ReadAction","target":["https:\/\/www.muratalikaravelioglu.com.tr\/prof-dr-murat-ali-karavelioglu\/"]}]},{"@type":"BreadcrumbList","@id":"https:\/\/www.muratalikaravelioglu.com.tr\/prof-dr-murat-ali-karavelioglu\/#breadcrumb","itemListElement":[{"@type":"ListItem","position":1,"name":"Ana sayfa","item":"https:\/\/www.muratalikaravelioglu.com.tr\/"},{"@type":"ListItem","position":2,"name":"\u00d6zge\u00e7mi\u015f"}]},{"@type":"WebSite","@id":"https:\/\/www.muratalikaravelioglu.com.tr\/#website","url":"https:\/\/www.muratalikaravelioglu.com.tr\/","name":"Prof. Dr. Murat Ali Karavelio\u011flu","description":"","potentialAction":[{"@type":"SearchAction","target":{"@type":"EntryPoint","urlTemplate":"https:\/\/www.muratalikaravelioglu.com.tr\/?s={search_term_string}"},"query-input":{"@type":"PropertyValueSpecification","valueRequired":true,"valueName":"search_term_string"}}],"inLanguage":"es"}]}},"_links":{"self":[{"href":"https:\/\/www.muratalikaravelioglu.com.tr\/es\/wp-json\/wp\/v2\/pages\/8","targetHints":{"allow":["GET"]}}],"collection":[{"href":"https:\/\/www.muratalikaravelioglu.com.tr\/es\/wp-json\/wp\/v2\/pages"}],"about":[{"href":"https:\/\/www.muratalikaravelioglu.com.tr\/es\/wp-json\/wp\/v2\/types\/page"}],"author":[{"embeddable":true,"href":"https:\/\/www.muratalikaravelioglu.com.tr\/es\/wp-json\/wp\/v2\/users\/1"}],"replies":[{"embeddable":true,"href":"https:\/\/www.muratalikaravelioglu.com.tr\/es\/wp-json\/wp\/v2\/comments?post=8"}],"version-history":[{"count":39,"href":"https:\/\/www.muratalikaravelioglu.com.tr\/es\/wp-json\/wp\/v2\/pages\/8\/revisions"}],"predecessor-version":[{"id":1376,"href":"https:\/\/www.muratalikaravelioglu.com.tr\/es\/wp-json\/wp\/v2\/pages\/8\/revisions\/1376"}],"wp:attachment":[{"href":"https:\/\/www.muratalikaravelioglu.com.tr\/es\/wp-json\/wp\/v2\/media?parent=8"}],"curies":[{"name":"wp","href":"https:\/\/api.w.org\/{rel}","templated":true}]}}