{"id":105,"date":"2018-05-11T17:57:20","date_gmt":"2018-05-11T17:57:20","guid":{"rendered":"http:\/\/www.muratalikaravelioglu.com.tr\/?page_id=105"},"modified":"2025-09-03T11:23:12","modified_gmt":"2025-09-03T11:23:12","slug":"uluslararasi-bildiriler","status":"publish","type":"page","link":"https:\/\/www.muratalikaravelioglu.com.tr\/es\/uluslararasi-bildiriler\/","title":{"rendered":"Procedimientos internacionales"},"content":{"rendered":"<p>Procedimientos internacionales<\/p>\n<p><strong>Prof. Dr. Murat Ali KARAVEL\u0130O\u011eLU<\/strong><\/p>\n<hr>\n<p>B. Art\u00edculos presentados en reuniones cient\u00edficas internacionales y publicados en las actas:<br \/>\nB1. \u201cUna qasida de Tacizade Cafer \u00c7elebi con escenas de caza en su secci\u00f3n Nesip: Elogio del sult\u00e1n Beyaz\u0131t II\u201d, Simposio Internacional sobre la Caza en la Cultura Turca, Centro de Investigaci\u00f3n y Aplicaci\u00f3n de la Turquolog\u00eda de la Universidad de M\u00e1rmara, 15-16 de noviembre de 2006, Hunting and Hunting Book (Editores: Emine G\u00fcrsoy Naskali \u2013 Hil\u00e2l Oytun Altun), Kitabevi, Estambul 2008, 597-611.<br \/>\nB2. \u201cProf. Dr. Abd\u00fclkadir Karahan\u2019s Work Named Fuzuli, Environment, Life and Personality\u201d, Simposio internacional de literatura sobre div\u00e1n en memoria del Prof. Dr. Abd\u00fclkadir Karahan, Estambul, 27 y 28 de mayo de 2008, Publicaciones culturales del municipio de Beykoz: 8, Estambul 2009, 45-58.<br \/>\nB3. \u201cUna oda in\u00e9dita de Necati Be\u011f\u201d, 1er Simposio Internacional de Lengua y Literatura Turca en memoria del poeta Necati Be\u011f en el 500 aniversario de su muerte, Universidad de Kocaeli, Izmit, 15-17 de abril de 2009, Publicaciones Culturales del Municipio de Kocaeli: 16, Izmit 2009, 281-308.<br \/>\nB4. \u201cGeograf\u00eda de Yunus Emre\u201d, Actas del 10\u00ba Festival Internacional de Amor y Conocimiento Yunus Emre, 6-8 de mayo de 2010, Eski\u015fehir 2011, 539-547.<br \/>\nB5. \u201cLiteratura hist\u00f3rica: Antecedentes hist\u00f3ricos de las qasidas de los siglos XV y XVI\u201d, Simposio internacional sobre la oda qasidaye (Observaciones sobre forma, funci\u00f3n y contenido), Universidad \u015eehir de Estambul, 27 de abril de 2012, Estambul 2013; Klasik Publications, Estambul 2013, 380-455.<br \/>\nB6. \u201c\u00bfEs un simple poeta turco?\u201d, Festival Internacional del Conocimiento Turco Vivo, Universidad de Estambul, 30 de mayo \u2013 1 de junio de 2012, TDK Publications, Ankara 2013.<br \/>\nB7. \u201cContribuciones de los pa\u00edses balc\u00e1nicos a la literatura cl\u00e1sica turca\u201d, 2.\u00aa Conferencia Anual Internacional de los Balcanes, 10-13 de octubre de 2012, Tirana\/ALBANIA, 2013; Libro de Actas del Congreso, vol. II, 309-327.<br \/>\nB8. \u201cLa era de los tulipanes desde la perspectiva de un Majmua\u201d, XIII Congreso Internacional de Historia Social y Econ\u00f3mica Otomana (ICOSEH), 1-5 de octubre de 2013, Universidad de Alcal\u00e1, ESPA\u00d1A.<br \/>\nB9. \u201cLos j\u00f3venes y las expectativas de los j\u00f3venes en Ikbal\u201d, 100.\u00ba aniversario de la educaci\u00f3n del urdu en Turqu\u00eda, Trayectoria de la lengua y la literatura urdu en Turqu\u00eda (desde la perspectiva de las relaciones entre Turqu\u00eda y los musulmanes del sur de Asia), Bahawalpur\/Pakist\u00e1n 2015, 61-70.<\/p>\n<p>B10. \u201cLa Qasida \u2018Seyf \u00fc Kalem\u2019 de Ahmedi (=Elogio del Pr\u00edncipe Emir S\u00fcleyman)\u201d, <em>Libro de texto completo del Simposio Internacional de Investigaci\u00f3n en Turkolog\u00eda (UTAS)<\/em>, 26-28 de septiembre de 2019, Publicaciones de la Universidad Van Yuzuncu Yil, Van 2019, 97-104.<\/p>\n<p>B11. \u201cLa verdad de la creaci\u00f3n en las odas de los poetas fundadores de la poes\u00eda cl\u00e1sica turca\u201d, <em>Libro de Actas del III Congreso Internacional sobre la Creaci\u00f3n a la Luz de la Ciencia<\/em>, 24-26 de octubre de 2019, I\u011fd\u0131r 2019, 599-621.<\/p>\n<hr>\n<p>\u00a0<\/p>","protected":false},"excerpt":{"rendered":"","protected":false},"author":1,"featured_media":0,"parent":0,"menu_order":0,"comment_status":"closed","ping_status":"closed","template":"","meta":{"ngg_post_thumbnail":0,"footnotes":""},"class_list":["post-105","page","type-page","status-publish","hentry"],"yoast_head":"<!-- This site is optimized with the Yoast SEO Premium plugin v25.7.1 (Yoast SEO v26.1.1) - https:\/\/yoast.com\/wordpress\/plugins\/seo\/ -->\n<title>Uluslararas\u0131 Bildiriler - Prof. Dr. Murat Ali Karavelio\u011flu<\/title>\n<meta name=\"robots\" content=\"index, follow, max-snippet:-1, max-image-preview:large, max-video-preview:-1\" \/>\n<link rel=\"canonical\" href=\"https:\/\/www.muratalikaravelioglu.com.tr\/es\/uluslararasi-bildiriler\/\" \/>\n<meta property=\"og:locale\" content=\"es_ES\" \/>\n<meta property=\"og:type\" content=\"article\" \/>\n<meta property=\"og:title\" content=\"Uluslararas\u0131 Bildiriler\" \/>\n<meta property=\"og:url\" content=\"https:\/\/www.muratalikaravelioglu.com.tr\/es\/uluslararasi-bildiriler\/\" \/>\n<meta property=\"og:site_name\" content=\"Prof. Dr. Murat Ali Karavelio\u011flu\" \/>\n<meta property=\"article:modified_time\" content=\"2025-09-03T11:23:12+00:00\" \/>\n<meta name=\"twitter:card\" content=\"summary_large_image\" \/>\n<meta name=\"twitter:label1\" content=\"Tiempo de lectura\" \/>\n\t<meta name=\"twitter:data1\" content=\"2 minutos\" \/>\n<script type=\"application\/ld+json\" class=\"yoast-schema-graph\">{\"@context\":\"https:\/\/schema.org\",\"@graph\":[{\"@type\":\"WebPage\",\"@id\":\"https:\/\/www.muratalikaravelioglu.com.tr\/uluslararasi-bildiriler\/\",\"url\":\"https:\/\/www.muratalikaravelioglu.com.tr\/uluslararasi-bildiriler\/\",\"name\":\"Uluslararas\u0131 Bildiriler - Prof. Dr. Murat Ali Karavelio\u011flu\",\"isPartOf\":{\"@id\":\"https:\/\/www.muratalikaravelioglu.com.tr\/#website\"},\"datePublished\":\"2018-05-11T17:57:20+00:00\",\"dateModified\":\"2025-09-03T11:23:12+00:00\",\"breadcrumb\":{\"@id\":\"https:\/\/www.muratalikaravelioglu.com.tr\/uluslararasi-bildiriler\/#breadcrumb\"},\"inLanguage\":\"es\",\"potentialAction\":[{\"@type\":\"ReadAction\",\"target\":[\"https:\/\/www.muratalikaravelioglu.com.tr\/uluslararasi-bildiriler\/\"]}]},{\"@type\":\"BreadcrumbList\",\"@id\":\"https:\/\/www.muratalikaravelioglu.com.tr\/uluslararasi-bildiriler\/#breadcrumb\",\"itemListElement\":[{\"@type\":\"ListItem\",\"position\":1,\"name\":\"Ana sayfa\",\"item\":\"https:\/\/www.muratalikaravelioglu.com.tr\/\"},{\"@type\":\"ListItem\",\"position\":2,\"name\":\"Uluslararas\u0131 Bildiriler\"}]},{\"@type\":\"WebSite\",\"@id\":\"https:\/\/www.muratalikaravelioglu.com.tr\/#website\",\"url\":\"https:\/\/www.muratalikaravelioglu.com.tr\/\",\"name\":\"Prof. Dr. Murat Ali Karavelio\u011flu\",\"description\":\"\",\"potentialAction\":[{\"@type\":\"SearchAction\",\"target\":{\"@type\":\"EntryPoint\",\"urlTemplate\":\"https:\/\/www.muratalikaravelioglu.com.tr\/?s={search_term_string}\"},\"query-input\":{\"@type\":\"PropertyValueSpecification\",\"valueRequired\":true,\"valueName\":\"search_term_string\"}}],\"inLanguage\":\"es\"}]}<\/script>\n<!-- \/ Yoast SEO Premium plugin. -->","yoast_head_json":{"title":"Uluslararas\u0131 Bildiriler - Prof. Dr. Murat Ali Karavelio\u011flu","robots":{"index":"index","follow":"follow","max-snippet":"max-snippet:-1","max-image-preview":"max-image-preview:large","max-video-preview":"max-video-preview:-1"},"canonical":"https:\/\/www.muratalikaravelioglu.com.tr\/es\/uluslararasi-bildiriler\/","og_locale":"es_ES","og_type":"article","og_title":"Uluslararas\u0131 Bildiriler","og_url":"https:\/\/www.muratalikaravelioglu.com.tr\/es\/uluslararasi-bildiriler\/","og_site_name":"Prof. Dr. Murat Ali Karavelio\u011flu","article_modified_time":"2025-09-03T11:23:12+00:00","twitter_card":"summary_large_image","twitter_misc":{"Tiempo de lectura":"2 minutos"},"schema":{"@context":"https:\/\/schema.org","@graph":[{"@type":"WebPage","@id":"https:\/\/www.muratalikaravelioglu.com.tr\/uluslararasi-bildiriler\/","url":"https:\/\/www.muratalikaravelioglu.com.tr\/uluslararasi-bildiriler\/","name":"Uluslararas\u0131 Bildiriler - Prof. Dr. Murat Ali Karavelio\u011flu","isPartOf":{"@id":"https:\/\/www.muratalikaravelioglu.com.tr\/#website"},"datePublished":"2018-05-11T17:57:20+00:00","dateModified":"2025-09-03T11:23:12+00:00","breadcrumb":{"@id":"https:\/\/www.muratalikaravelioglu.com.tr\/uluslararasi-bildiriler\/#breadcrumb"},"inLanguage":"es","potentialAction":[{"@type":"ReadAction","target":["https:\/\/www.muratalikaravelioglu.com.tr\/uluslararasi-bildiriler\/"]}]},{"@type":"BreadcrumbList","@id":"https:\/\/www.muratalikaravelioglu.com.tr\/uluslararasi-bildiriler\/#breadcrumb","itemListElement":[{"@type":"ListItem","position":1,"name":"Ana sayfa","item":"https:\/\/www.muratalikaravelioglu.com.tr\/"},{"@type":"ListItem","position":2,"name":"Uluslararas\u0131 Bildiriler"}]},{"@type":"WebSite","@id":"https:\/\/www.muratalikaravelioglu.com.tr\/#website","url":"https:\/\/www.muratalikaravelioglu.com.tr\/","name":"Prof. Dr. Murat Ali Karavelio\u011flu","description":"","potentialAction":[{"@type":"SearchAction","target":{"@type":"EntryPoint","urlTemplate":"https:\/\/www.muratalikaravelioglu.com.tr\/?s={search_term_string}"},"query-input":{"@type":"PropertyValueSpecification","valueRequired":true,"valueName":"search_term_string"}}],"inLanguage":"es"}]}},"_links":{"self":[{"href":"https:\/\/www.muratalikaravelioglu.com.tr\/es\/wp-json\/wp\/v2\/pages\/105","targetHints":{"allow":["GET"]}}],"collection":[{"href":"https:\/\/www.muratalikaravelioglu.com.tr\/es\/wp-json\/wp\/v2\/pages"}],"about":[{"href":"https:\/\/www.muratalikaravelioglu.com.tr\/es\/wp-json\/wp\/v2\/types\/page"}],"author":[{"embeddable":true,"href":"https:\/\/www.muratalikaravelioglu.com.tr\/es\/wp-json\/wp\/v2\/users\/1"}],"replies":[{"embeddable":true,"href":"https:\/\/www.muratalikaravelioglu.com.tr\/es\/wp-json\/wp\/v2\/comments?post=105"}],"version-history":[{"count":7,"href":"https:\/\/www.muratalikaravelioglu.com.tr\/es\/wp-json\/wp\/v2\/pages\/105\/revisions"}],"predecessor-version":[{"id":1404,"href":"https:\/\/www.muratalikaravelioglu.com.tr\/es\/wp-json\/wp\/v2\/pages\/105\/revisions\/1404"}],"wp:attachment":[{"href":"https:\/\/www.muratalikaravelioglu.com.tr\/es\/wp-json\/wp\/v2\/media?parent=105"}],"curies":[{"name":"wp","href":"https:\/\/api.w.org\/{rel}","templated":true}]}}