{"id":303,"date":"2018-05-12T09:06:45","date_gmt":"2018-05-12T09:06:45","guid":{"rendered":"http:\/\/www.muratalikaravelioglu.com.tr\/?page_id=303"},"modified":"2018-05-14T08:55:14","modified_gmt":"2018-05-14T08:55:14","slug":"akademik-fotograflar-murat-ali-karavelioglu","status":"publish","type":"page","link":"https:\/\/www.muratalikaravelioglu.com.tr\/en\/akademik-fotograflar-murat-ali-karavelioglu\/","title":{"rendered":"Academic Photos"},"content":{"rendered":"ngg_shortcode_0_placeholder","protected":false},"excerpt":{"rendered":"<p>&#8221; order_by=&#8221;sortorder&#8221; order_direction=&#8221;ASC&#8221; returns=&#8221;included&#8221; maximum_entity_count=&#8221;500&#8243;]","protected":false},"author":1,"featured_media":0,"parent":0,"menu_order":0,"comment_status":"closed","ping_status":"closed","template":"","meta":{"ngg_post_thumbnail":0,"footnotes":""},"class_list":["post-303","page","type-page","status-publish","hentry"],"yoast_head":"<!-- This site is optimized with the Yoast SEO Premium plugin v25.7.1 (Yoast SEO v26.1.1) - https:\/\/yoast.com\/wordpress\/plugins\/seo\/ -->\n<title>Akademik Foto\u011fraflar - Murat Ali Karavelio\u011flu<\/title>\n<meta name=\"description\" content=\"Murat Ali Karavelio\u011flu Akademik foto\u011fraflar\u0131n\u0131 i\u00e7eren g\u00f6rsel sayfad\u0131r. Detaylar i\u00e7in sayfay\u0131 ziyarat edebilirsiniz...\" \/>\n<meta name=\"robots\" content=\"index, follow, max-snippet:-1, max-image-preview:large, max-video-preview:-1\" \/>\n<link rel=\"canonical\" href=\"https:\/\/www.muratalikaravelioglu.com.tr\/en\/akademik-fotograflar-murat-ali-karavelioglu\/\" \/>\n<meta property=\"og:locale\" content=\"en_US\" \/>\n<meta property=\"og:type\" content=\"article\" \/>\n<meta property=\"og:title\" content=\"Akademik Foto\u011fraflar\" \/>\n<meta property=\"og:description\" content=\"Murat Ali Karavelio\u011flu Akademik foto\u011fraflar\u0131n\u0131 i\u00e7eren g\u00f6rsel sayfad\u0131r. Detaylar i\u00e7in sayfay\u0131 ziyarat edebilirsiniz...\" \/>\n<meta property=\"og:url\" content=\"https:\/\/www.muratalikaravelioglu.com.tr\/en\/akademik-fotograflar-murat-ali-karavelioglu\/\" \/>\n<meta property=\"og:site_name\" content=\"Prof. Dr. Murat Ali Karavelio\u011flu\" \/>\n<meta property=\"article:modified_time\" content=\"2018-05-14T08:55:14+00:00\" \/>\n<meta name=\"twitter:card\" content=\"summary_large_image\" \/>\n<script type=\"application\/ld+json\" class=\"yoast-schema-graph\">{\"@context\":\"https:\/\/schema.org\",\"@graph\":[{\"@type\":\"WebPage\",\"@id\":\"https:\/\/www.muratalikaravelioglu.com.tr\/akademik-fotograflar-murat-ali-karavelioglu\/\",\"url\":\"https:\/\/www.muratalikaravelioglu.com.tr\/akademik-fotograflar-murat-ali-karavelioglu\/\",\"name\":\"Akademik Foto\u011fraflar - Murat Ali Karavelio\u011flu\",\"isPartOf\":{\"@id\":\"https:\/\/www.muratalikaravelioglu.com.tr\/#website\"},\"datePublished\":\"2018-05-12T09:06:45+00:00\",\"dateModified\":\"2018-05-14T08:55:14+00:00\",\"description\":\"Murat Ali Karavelio\u011flu Akademik foto\u011fraflar\u0131n\u0131 i\u00e7eren g\u00f6rsel sayfad\u0131r. Detaylar i\u00e7in sayfay\u0131 ziyarat edebilirsiniz...\",\"breadcrumb\":{\"@id\":\"https:\/\/www.muratalikaravelioglu.com.tr\/akademik-fotograflar-murat-ali-karavelioglu\/#breadcrumb\"},\"inLanguage\":\"en-US\",\"potentialAction\":[{\"@type\":\"ReadAction\",\"target\":[\"https:\/\/www.muratalikaravelioglu.com.tr\/akademik-fotograflar-murat-ali-karavelioglu\/\"]}]},{\"@type\":\"BreadcrumbList\",\"@id\":\"https:\/\/www.muratalikaravelioglu.com.tr\/akademik-fotograflar-murat-ali-karavelioglu\/#breadcrumb\",\"itemListElement\":[{\"@type\":\"ListItem\",\"position\":1,\"name\":\"Ana sayfa\",\"item\":\"https:\/\/www.muratalikaravelioglu.com.tr\/\"},{\"@type\":\"ListItem\",\"position\":2,\"name\":\"Akademik Foto\u011fraflar\"}]},{\"@type\":\"WebSite\",\"@id\":\"https:\/\/www.muratalikaravelioglu.com.tr\/#website\",\"url\":\"https:\/\/www.muratalikaravelioglu.com.tr\/\",\"name\":\"Prof. Dr. Murat Ali Karavelio\u011flu\",\"description\":\"\",\"potentialAction\":[{\"@type\":\"SearchAction\",\"target\":{\"@type\":\"EntryPoint\",\"urlTemplate\":\"https:\/\/www.muratalikaravelioglu.com.tr\/?s={search_term_string}\"},\"query-input\":{\"@type\":\"PropertyValueSpecification\",\"valueRequired\":true,\"valueName\":\"search_term_string\"}}],\"inLanguage\":\"en-US\"}]}<\/script>\n<!-- \/ Yoast SEO Premium plugin. -->","yoast_head_json":{"title":"Akademik Foto\u011fraflar - Murat Ali Karavelio\u011flu","description":"Murat Ali Karavelio\u011flu Akademik foto\u011fraflar\u0131n\u0131 i\u00e7eren g\u00f6rsel sayfad\u0131r. Detaylar i\u00e7in sayfay\u0131 ziyarat edebilirsiniz...","robots":{"index":"index","follow":"follow","max-snippet":"max-snippet:-1","max-image-preview":"max-image-preview:large","max-video-preview":"max-video-preview:-1"},"canonical":"https:\/\/www.muratalikaravelioglu.com.tr\/en\/akademik-fotograflar-murat-ali-karavelioglu\/","og_locale":"en_US","og_type":"article","og_title":"Akademik Foto\u011fraflar","og_description":"Murat Ali Karavelio\u011flu Akademik foto\u011fraflar\u0131n\u0131 i\u00e7eren g\u00f6rsel sayfad\u0131r. Detaylar i\u00e7in sayfay\u0131 ziyarat edebilirsiniz...","og_url":"https:\/\/www.muratalikaravelioglu.com.tr\/en\/akademik-fotograflar-murat-ali-karavelioglu\/","og_site_name":"Prof. Dr. Murat Ali Karavelio\u011flu","article_modified_time":"2018-05-14T08:55:14+00:00","twitter_card":"summary_large_image","schema":{"@context":"https:\/\/schema.org","@graph":[{"@type":"WebPage","@id":"https:\/\/www.muratalikaravelioglu.com.tr\/akademik-fotograflar-murat-ali-karavelioglu\/","url":"https:\/\/www.muratalikaravelioglu.com.tr\/akademik-fotograflar-murat-ali-karavelioglu\/","name":"Akademik Foto\u011fraflar - Murat Ali Karavelio\u011flu","isPartOf":{"@id":"https:\/\/www.muratalikaravelioglu.com.tr\/#website"},"datePublished":"2018-05-12T09:06:45+00:00","dateModified":"2018-05-14T08:55:14+00:00","description":"Murat Ali Karavelio\u011flu Akademik foto\u011fraflar\u0131n\u0131 i\u00e7eren g\u00f6rsel sayfad\u0131r. Detaylar i\u00e7in sayfay\u0131 ziyarat edebilirsiniz...","breadcrumb":{"@id":"https:\/\/www.muratalikaravelioglu.com.tr\/akademik-fotograflar-murat-ali-karavelioglu\/#breadcrumb"},"inLanguage":"en-US","potentialAction":[{"@type":"ReadAction","target":["https:\/\/www.muratalikaravelioglu.com.tr\/akademik-fotograflar-murat-ali-karavelioglu\/"]}]},{"@type":"BreadcrumbList","@id":"https:\/\/www.muratalikaravelioglu.com.tr\/akademik-fotograflar-murat-ali-karavelioglu\/#breadcrumb","itemListElement":[{"@type":"ListItem","position":1,"name":"Ana sayfa","item":"https:\/\/www.muratalikaravelioglu.com.tr\/"},{"@type":"ListItem","position":2,"name":"Akademik Foto\u011fraflar"}]},{"@type":"WebSite","@id":"https:\/\/www.muratalikaravelioglu.com.tr\/#website","url":"https:\/\/www.muratalikaravelioglu.com.tr\/","name":"Professor Murat Ali Karavelio\u011flu","description":"","potentialAction":[{"@type":"SearchAction","target":{"@type":"EntryPoint","urlTemplate":"https:\/\/www.muratalikaravelioglu.com.tr\/?s={search_term_string}"},"query-input":{"@type":"PropertyValueSpecification","valueRequired":true,"valueName":"search_term_string"}}],"inLanguage":"en-US"}]}},"_links":{"self":[{"href":"https:\/\/www.muratalikaravelioglu.com.tr\/en\/wp-json\/wp\/v2\/pages\/303","targetHints":{"allow":["GET"]}}],"collection":[{"href":"https:\/\/www.muratalikaravelioglu.com.tr\/en\/wp-json\/wp\/v2\/pages"}],"about":[{"href":"https:\/\/www.muratalikaravelioglu.com.tr\/en\/wp-json\/wp\/v2\/types\/page"}],"author":[{"embeddable":true,"href":"https:\/\/www.muratalikaravelioglu.com.tr\/en\/wp-json\/wp\/v2\/users\/1"}],"replies":[{"embeddable":true,"href":"https:\/\/www.muratalikaravelioglu.com.tr\/en\/wp-json\/wp\/v2\/comments?post=303"}],"version-history":[{"count":4,"href":"https:\/\/www.muratalikaravelioglu.com.tr\/en\/wp-json\/wp\/v2\/pages\/303\/revisions"}],"predecessor-version":[{"id":351,"href":"https:\/\/www.muratalikaravelioglu.com.tr\/en\/wp-json\/wp\/v2\/pages\/303\/revisions\/351"}],"wp:attachment":[{"href":"https:\/\/www.muratalikaravelioglu.com.tr\/en\/wp-json\/wp\/v2\/media?parent=303"}],"curies":[{"name":"wp","href":"https:\/\/api.w.org\/{rel}","templated":true}]}}